{"id":2192,"date":"2021-12-14T10:12:33","date_gmt":"2021-12-14T09:12:33","guid":{"rendered":"https:\/\/lastplaces.com\/contact\/"},"modified":"2026-04-07T10:48:47","modified_gmt":"2026-04-07T08:48:47","slug":"contact","status":"publish","type":"page","link":"https:\/\/lastplaces.com\/en\/contact\/","title":{"rendered":"Contact"},"content":{"rendered":"\n  <div class=\"banner has-hover travels-banner is-full-height\" id=\"banner-1980747584\">\n          <div class=\"banner-inner fill\">\n        <div class=\"banner-bg fill\" >\n            <div class=\"bg fill bg-fill bg-loaded\"><\/div>\n                        <div class=\"overlay\"><\/div>            \n                    <\/div>\n        <div class=\"banner-layers container\">\n            <div class=\"fill banner-link\"><\/div>            \n   <div id=\"text-box-1381309210\" class=\"text-box banner-layer x50 md-x0 lg-x0 y80 md-y90 lg-y90 res-text\">\n                                <div class=\"text-box-content text dark\">\n              \n              <div class=\"text-inner text-left\">\n                  \n<h3 class=\"cpt-travel-breadcrumb\"><a href=\"https:\/\/lastplaces.com\/en\/\">Home<\/a> &gt; <a href=\"https:\/\/lastplaces.com\/en\/contact\/\">Contact<\/a><\/h3>\n<h2 class=\"cpt-travel-category\">Contact<\/h2>\n<h1 class=\"cpt-travel-title\">Contact us and we will answer any questions you have<\/h1>\n              <\/div>\n           <\/div>\n                            \n<style>\n#text-box-1381309210 {\n  width: 100%;\n}\n#text-box-1381309210 .text-box-content {\n  font-size: 100%;\n}\n@media (min-width:550px) {\n  #text-box-1381309210 {\n    width: 100%;\n  }\n}\n<\/style>\n    <\/div>\n \n        <\/div>\n      <\/div>\n\n            \n<style>\n#banner-1980747584 {\n  padding-top: 100%;\n}\n#banner-1980747584 .bg.bg-loaded {\n  background-image: url(https:\/\/lastplaces.com\/wp-content\/uploads\/2022\/01\/banner_04_contacto_01-min-1024x576.jpg);\n}\n#banner-1980747584 .overlay {\n  background-color: rgba(0, 0, 0, 0);\n}\n<\/style>\n  <\/div>\n\n\n\t<section class=\"section\" id=\"section_894164459\">\n\t\t<div class=\"bg section-bg fill bg-fill bg-loaded bg-loaded\" >\n\n\t\t\t\n\t\t\t\n\t\t\t\n\n\t\t<\/div>\n\n\t\t<div class=\"section-content relative\">\n\t\t\t\n<div class=\"row row-collapse row-full-width custom-collapse-row\"  id=\"row-822802628\">\n\n\t<div id=\"col-204936197\" class=\"col custom-collapse-col medium-6 small-12 large-6\"  >\n\t\t\t\t<div class=\"col-inner\"  >\n\t\t\t\n\t\t\t\n\t<div id=\"text-1022549972\" class=\"text\">\n\t\t\n<h2>Contact information<\/h2>\n\t\t\n<style>\n#text-1022549972 {\n  color: #472914;\n}\n#text-1022549972 > * {\n  color: #472914;\n}\n<\/style>\n\t<\/div>\n\t\n<h3 class=\"title\">If you want to travel with us, organize a tailor-made trip, propose a destination, collaborate in our projects, share an experience or have any questions, do not hesitate to contact us.<\/h3>\n<h3 class=\"title\">\ud83d\udcde <strong>Phone contacts &amp; WhatsApp<\/strong>:<\/h3>\n<h3 class=\"title\">Joan: +34 637814624 (Information &amp; Bookings)<br \/>\nBego\u00f1a: +34 626310123 (Management)<br \/>\nJoan: +34 637814624 (Destinations Expert)<\/h3>\n\t\t<\/div>\n\t\t\t\t\n<style>\n#col-204936197 > .col-inner {\n  padding: 0px 15px 0px 15px;\n}\n<\/style>\n\t<\/div>\n\n\t\n\n\t<div id=\"col-474408375\" class=\"col medium-6 small-12 large-6\"  >\n\t\t\t\t<div class=\"col-inner\"  >\n\t\t\t\n\t\t\t\n\t<div class=\"img has-hover x md-x lg-x y md-y lg-y\" id=\"image_1285114649\">\n\t\t\t\t\t\t\t\t<div class=\"img-inner dark\" >\n\t\t\t<img decoding=\"async\" width=\"815\" height=\"457\" src=\"https:\/\/lastplaces.com\/wp-content\/uploads\/2021\/10\/lastplaces-contact-info.jpg\" class=\"attachment-original size-original\" alt=\"dup\u00e1 tribe ethnic group Cameroon Africa travel trip set departures tailor-made trip Last Places tribu etnia grupo \u00e9tnico Camer\u00fan \u00c1frica viajar viaje salidas programadas viajes a medida\" srcset=\"https:\/\/lastplaces.com\/wp-content\/uploads\/2021\/10\/lastplaces-contact-info.jpg 815w, https:\/\/lastplaces.com\/wp-content\/uploads\/2021\/10\/lastplaces-contact-info-300x168.jpg 300w, https:\/\/lastplaces.com\/wp-content\/uploads\/2021\/10\/lastplaces-contact-info-768x431.jpg 768w, https:\/\/lastplaces.com\/wp-content\/uploads\/2021\/10\/lastplaces-contact-info-480x269.jpg 480w, https:\/\/lastplaces.com\/wp-content\/uploads\/2021\/10\/lastplaces-contact-info-800x449.jpg 800w\" sizes=\"(max-width: 815px) 100vw, 815px\" \/>\t\t\t\t\t\t\n\t\t\t\t\t<\/div>\n\t\t\t\t\t\t\t\t\n<style>\n#image_1285114649 {\n  width: 100%;\n}\n<\/style>\n\t<\/div>\n\t\n\t\t<\/div>\n\t\t\t\t\n<style>\n#col-474408375 > .col-inner {\n  padding: 0px 15px 0px 15px;\n}\n<\/style>\n\t<\/div>\n\n\t\n<\/div>\n\t\t<\/div>\n\n\t\t\n<style>\n#section_894164459 {\n  padding-top: 60px;\n  padding-bottom: 60px;\n}\n<\/style>\n\t<\/section>\n\t\n\t<section class=\"section\" id=\"section_1160777337\">\n\t\t<div class=\"bg section-bg fill bg-fill bg-loaded \" >\n\n\t\t\t\n\t\t\t\n\t\t\t\n\n\t\t<\/div>\n\n\t\t<div class=\"section-content relative\">\n\t\t\t\n<div class=\"row align-center\"  id=\"row-2016482454\">\n\n\t<div id=\"col-1677505051\" class=\"col medium-8 small-12 large-8\"  >\n\t\t\t\t<div class=\"col-inner text-left\"  >\n\t\t\t\n\t\t\t\n\t<div id=\"text-608338530\" class=\"text\">\n\t\t\n<h2>Get in touch with our experts<\/h2>\n\t\t\n<style>\n#text-608338530 {\n  color: rgb(237, 216, 186);\n}\n#text-608338530 > * {\n  color: rgb(237, 216, 186);\n}\n<\/style>\n\t<\/div>\n\t\n\t\t<div class=\"form-bk\">\n\t\t\t\t\n\n<div class=\"wpcf7 no-js\" id=\"wpcf7-f24341-o1\" lang=\"es-ES\" dir=\"ltr\">\n<div class=\"screen-reader-response\"><p role=\"status\" aria-live=\"polite\" aria-atomic=\"true\"><\/p> <ul><\/ul><\/div>\n<form action=\"\/en\/wp-json\/wp\/v2\/pages\/2192#wpcf7-f24341-o1\" method=\"post\" class=\"wpcf7-form init\" id=\"last-contact-bottom-en\" aria-label=\"Formulario de contacto\" novalidate=\"novalidate\" data-status=\"init\">\n<div style=\"display: none;\">\n<input type=\"hidden\" name=\"_wpcf7\" value=\"24341\" \/>\n<input type=\"hidden\" name=\"_wpcf7_version\" value=\"5.9.8\" \/>\n<input type=\"hidden\" name=\"_wpcf7_locale\" value=\"es_ES\" \/>\n<input type=\"hidden\" name=\"_wpcf7_unit_tag\" value=\"wpcf7-f24341-o1\" \/>\n<input type=\"hidden\" name=\"_wpcf7_container_post\" value=\"0\" \/>\n<input type=\"hidden\" name=\"_wpcf7_posted_data_hash\" value=\"\" \/>\n<\/div>\n<div id=\"contactlast2\" class=\"row\">\n\t<div class=\"col medium-6 small-12 large-6\" style=\"padding-bottom: 15px; padding-top: 20px;\">\n\t\t<p><span class=\"wpcf7-form-control-wrap\" data-name=\"your-name\"><input size=\"40\" maxlength=\"400\" class=\"wpcf7-form-control wpcf7-text wpcf7-validates-as-required\" autocomplete=\"off\" aria-required=\"true\" aria-invalid=\"false\" placeholder=\"Name*\" value=\"\" type=\"text\" name=\"your-name\" \/><\/span>\n\t\t<\/p>\n\t<\/div>\n\t<div class=\"col medium-6 small-12 large-6\" style=\"padding-bottom:15; padding-top: 20px;\">\n\t\t<p><span class=\"wpcf7-form-control-wrap\" data-name=\"your-surnames\"><input size=\"40\" maxlength=\"400\" class=\"wpcf7-form-control wpcf7-text wpcf7-validates-as-required\" autocomplete=\"off\" aria-required=\"true\" aria-invalid=\"false\" placeholder=\"Surname*\" value=\"\" type=\"text\" name=\"your-surnames\" \/><\/span>\n\t\t<\/p>\n\t<\/div>\n\t<div class=\"col medium-6 small-12 large-6\" style=\"padding-bottom: 15px;\">\n\t\t<p><span class=\"wpcf7-form-control-wrap\" data-name=\"your-email\"><input size=\"40\" maxlength=\"400\" class=\"wpcf7-form-control wpcf7-email wpcf7-validates-as-required wpcf7-text wpcf7-validates-as-email\" autocomplete=\"off\" aria-required=\"true\" aria-invalid=\"false\" placeholder=\"Regular email*\" value=\"\" type=\"email\" name=\"your-email\" \/><\/span>\n\t\t<\/p>\n\t<\/div>\n\t<div class=\"col medium-6 small-12 large-6\" style=\"padding-bottom: 15px;\">\n\t\t<p><span class=\"wpcf7-form-control-wrap intl_tel-5\"><input class=\"wpcf7-form-control wpcf7-intl_tel wpcf7-validates-as-required wpcf7-intl-tel\" id=\"intel-tel-form\" aria-required=\"true\" aria-invalid=\"false\" placeholder=\"Regular phone*\" data-initialcountry=\"es\" data-preferredcountries=\"es\" value=\"\" type=\"tel\" name=\"intl_tel-5-cf7it-national\" \/><input name=\"intl_tel-5\" type=\"hidden\" class=\"wpcf7-intl-tel-full\" \/><input type=\"hidden\" name=\"intl_tel-5-cf7it-country-name\" class=\"wpcf7-intl-tel-country-name\" \/><input type=\"hidden\" name=\"intl_tel-5-cf7it-country-code\" class=\"wpcf7-intl-tel-country-code\" \/><input type=\"hidden\" name=\"intl_tel-5-cf7it-country-iso2\" class=\"wpcf7-intl-tel-country-iso2\" \/><\/span>\n\t\t<\/p>\n\t<\/div>\n\t<div class=\"col medium-12 small-12 large-12\" style=\"padding-bottom: 15px;\">\n\t\t<p><span class=\"wpcf7-form-control-wrap\" data-name=\"your-message\"><textarea cols=\"40\" rows=\"10\" maxlength=\"2000\" class=\"wpcf7-form-control wpcf7-textarea\" aria-invalid=\"false\" placeholder=\"Tell us your interests and where you would like to travel\" name=\"your-message\"><\/textarea><\/span>\n\t\t<\/p>\n\t<\/div>\n\t<div class=\"col medium-12 small-12 large-12\" style=\"padding-bottom:0;\">\n\t\t<p><span class=\"wpcf7-form-control-wrap\" data-name=\"newsleter\"><span class=\"wpcf7-form-control wpcf7-checkbox\"><span class=\"wpcf7-list-item first last\"><label><input type=\"checkbox\" name=\"newsleter[]\" value=\"Subscribtion to the newsletter\" \/><span class=\"wpcf7-list-item-label\">Subscribtion to the newsletter<\/span><\/label><\/span><\/span><\/span>\n\t\t<\/p>\n\t<\/div>\n\t<div class=\"col medium-12 small-12 large-12\" style=\"padding-bottom:0;\">\n\t\t<p><span class=\"wpcf7-form-control-wrap\" data-name=\"acceptance-650\"><span class=\"wpcf7-form-control wpcf7-acceptance\"><span class=\"wpcf7-list-item\"><label><input type=\"checkbox\" name=\"acceptance-650\" value=\"1\" aria-invalid=\"false\" \/><span class=\"wpcf7-list-item-label\">*Acceptance of the data protection policy.<\/span><\/label><\/span><\/span><\/span>\n\t\t<\/p>\n\t<\/div>\n\t<div class=\"col medium-12 small-12 large-12\" style=\"padding-bottom:0;\">\n\t\t<p style=\"font-weight: 400;\">Communications Policy.\n\t\t<\/p>\n\t\t<p><span style=\"display: block; font-size: .875rem; line-height: normal;\">If you want to know more about our communications and data protection policy, please click on this <a href=\"\/en\/legal-notice\/\" style=\"text-decoration: underline; font-weight: 700; color: #F1E0C6;}\">link<\/a><\/span>\n\t\t<\/p>\n\t<\/div>\n<span class=\"wpcf7-form-control-wrap taxonomy-name\" data-name=\"taxonomy-name\"><input type=\"hidden\" name=\"taxonomy-name\" id=\"\" class=\"wpcf7-form-control wpcf7-hidden wpcf7dtx wpcf7dtx-hidden\" aria-invalid=\"false\" value=\"\" \/><\/span>\n\t<div class=\"col medium-12 small-12 large-12\" style=\"padding-bottom:0;\">\n\t\t<p><input class=\"wpcf7-form-control wpcf7-submit has-spinner\" type=\"submit\" value=\"Send\" \/>\n\t\t<\/p>\n\t<\/div>\n<\/div>\n\n<p style=\"display: none !important;\" class=\"akismet-fields-container\" data-prefix=\"_wpcf7_ak_\"><label>&#916;<textarea name=\"_wpcf7_ak_hp_textarea\" cols=\"45\" rows=\"8\" maxlength=\"100\"><\/textarea><\/label><input type=\"hidden\" id=\"ak_js_1\" name=\"_wpcf7_ak_js\" value=\"202\"\/><script>document.getElementById( \"ak_js_1\" ).setAttribute( \"value\", ( new Date() ).getTime() );<\/script><\/p><input type='hidden' class='wpcf7-pum' value='{\"closepopup\":false,\"closedelay\":0,\"openpopup\":true,\"openpopup_id\":25099}' \/><div class=\"wpcf7-response-output\" aria-hidden=\"true\"><\/div>\n<\/form>\n<\/div>\n\n\t\t<\/div>\n\t\n\t\t<\/div>\n\t\t\t\t\t<\/div>\n\n\t\n\n<style>\n#row-2016482454 > .col > .col-inner {\n  padding: 30px 30px 30px 30px;\n  background-color: rgba(17, 10, 4, 0.85);\n}\n<\/style>\n<\/div>\n\t\t<\/div>\n\n\t\t\n<style>\n#section_1160777337 {\n  padding-top: 30px;\n  padding-bottom: 30px;\n}\n#section_1160777337 .section-bg.bg-loaded {\n  background-image: url(https:\/\/lastplaces.com\/wp-content\/uploads\/2021\/10\/asset04_travels_demo_page.jpg);\n}\n<\/style>\n\t<\/section>\n\t\n","protected":false},"excerpt":{"rendered":"","protected":false},"author":1,"featured_media":0,"parent":0,"menu_order":0,"comment_status":"closed","ping_status":"closed","template":"page-blank.php","meta":{"_acf_changed":false,"inline_featured_image":false,"footnotes":""},"class_list":["post-2192","page","type-page","status-publish","hentry"],"acf":[],"yoast_head":"<!-- This site is optimized with the Yoast SEO plugin v25.6 - https:\/\/yoast.com\/wordpress\/plugins\/seo\/ -->\n<title>Contact - Last Places<\/title>\n<meta name=\"description\" content=\"On this page you will find all the details to contact Last Places by Phone, WhatsApp or Email.\" \/>\n<meta name=\"robots\" content=\"index, follow, max-snippet:-1, max-image-preview:large, max-video-preview:-1\" \/>\n<link rel=\"canonical\" href=\"https:\/\/lastplaces.com\/en\/contact\/\" \/>\n<meta property=\"og:locale\" content=\"en_US\" \/>\n<meta property=\"og:type\" content=\"article\" \/>\n<meta property=\"og:title\" content=\"Contact - Last Places\" \/>\n<meta property=\"og:description\" content=\"On this page you will find all the details to contact Last Places by Phone, WhatsApp or Email.\" \/>\n<meta property=\"og:url\" content=\"https:\/\/lastplaces.com\/en\/contact\/\" \/>\n<meta property=\"og:site_name\" content=\"Last Places\" \/>\n<meta property=\"article:publisher\" content=\"https:\/\/www.facebook.com\/lastplaces.travelisknowledge\" \/>\n<meta property=\"article:modified_time\" content=\"2026-04-07T08:48:47+00:00\" \/>\n<meta property=\"og:image\" content=\"https:\/\/lastplaces.com\/wp-content\/uploads\/2025\/11\/last.jpeg\" \/>\n\t<meta property=\"og:image:width\" content=\"960\" \/>\n\t<meta property=\"og:image:height\" content=\"960\" \/>\n\t<meta property=\"og:image:type\" content=\"image\/jpeg\" \/>\n<meta name=\"twitter:card\" content=\"summary_large_image\" \/>\n<meta name=\"twitter:label1\" content=\"Est. reading time\" \/>\n\t<meta name=\"twitter:data1\" content=\"1 minute\" \/>\n<script type=\"application\/ld+json\" class=\"yoast-schema-graph\">{\"@context\":\"https:\/\/schema.org\",\"@graph\":[{\"@type\":\"WebPage\",\"@id\":\"https:\/\/lastplaces.com\/en\/contact\/\",\"url\":\"https:\/\/lastplaces.com\/en\/contact\/\",\"name\":\"Contact - Last Places\",\"isPartOf\":{\"@id\":\"https:\/\/lastplaces.com\/#website\"},\"datePublished\":\"2021-12-14T09:12:33+00:00\",\"dateModified\":\"2026-04-07T08:48:47+00:00\",\"description\":\"On this page you will find all the details to contact Last Places by Phone, WhatsApp or Email.\",\"breadcrumb\":{\"@id\":\"https:\/\/lastplaces.com\/en\/contact\/#breadcrumb\"},\"inLanguage\":\"en-US\",\"potentialAction\":[{\"@type\":\"ReadAction\",\"target\":[\"https:\/\/lastplaces.com\/en\/contact\/\"]}]},{\"@type\":\"BreadcrumbList\",\"@id\":\"https:\/\/lastplaces.com\/en\/contact\/#breadcrumb\",\"itemListElement\":[{\"@type\":\"ListItem\",\"position\":1,\"name\":\"Portada\",\"item\":\"https:\/\/lastplaces.com\/en\/\"},{\"@type\":\"ListItem\",\"position\":2,\"name\":\"Contact\"}]},{\"@type\":\"WebSite\",\"@id\":\"https:\/\/lastplaces.com\/#website\",\"url\":\"https:\/\/lastplaces.com\/\",\"name\":\"Last Places\",\"description\":\"Travel is knowledge\",\"publisher\":{\"@id\":\"https:\/\/lastplaces.com\/#organization\"},\"potentialAction\":[{\"@type\":\"SearchAction\",\"target\":{\"@type\":\"EntryPoint\",\"urlTemplate\":\"https:\/\/lastplaces.com\/?s={search_term_string}\"},\"query-input\":{\"@type\":\"PropertyValueSpecification\",\"valueRequired\":true,\"valueName\":\"search_term_string\"}}],\"inLanguage\":\"en-US\"},{\"@type\":\"Organization\",\"@id\":\"https:\/\/lastplaces.com\/#organization\",\"name\":\"Last Places\",\"url\":\"https:\/\/lastplaces.com\/\",\"logo\":{\"@type\":\"ImageObject\",\"inLanguage\":\"en-US\",\"@id\":\"https:\/\/lastplaces.com\/#\/schema\/logo\/image\/\",\"url\":\"https:\/\/lastplaces.com\/wp-content\/uploads\/2021\/09\/lastplaces-travel-is-knowledge-logo-footer.svg\",\"contentUrl\":\"https:\/\/lastplaces.com\/wp-content\/uploads\/2021\/09\/lastplaces-travel-is-knowledge-logo-footer.svg\",\"width\":217,\"height\":65,\"caption\":\"Last Places\"},\"image\":{\"@id\":\"https:\/\/lastplaces.com\/#\/schema\/logo\/image\/\"},\"sameAs\":[\"https:\/\/www.facebook.com\/lastplaces.travelisknowledge\",\"https:\/\/www.instagram.com\/lastplacestravel\/\"]}]}<\/script>\n<!-- \/ Yoast SEO plugin. -->","yoast_head_json":{"title":"Contact - Last Places","description":"On this page you will find all the details to contact Last Places by Phone, WhatsApp or Email.","robots":{"index":"index","follow":"follow","max-snippet":"max-snippet:-1","max-image-preview":"max-image-preview:large","max-video-preview":"max-video-preview:-1"},"canonical":"https:\/\/lastplaces.com\/en\/contact\/","og_locale":"en_US","og_type":"article","og_title":"Contact - Last Places","og_description":"On this page you will find all the details to contact Last Places by Phone, WhatsApp or Email.","og_url":"https:\/\/lastplaces.com\/en\/contact\/","og_site_name":"Last Places","article_publisher":"https:\/\/www.facebook.com\/lastplaces.travelisknowledge","article_modified_time":"2026-04-07T08:48:47+00:00","og_image":[{"width":960,"height":960,"url":"https:\/\/lastplaces.com\/wp-content\/uploads\/2025\/11\/last.jpeg","type":"image\/jpeg"}],"twitter_card":"summary_large_image","twitter_misc":{"Est. reading time":"1 minute"},"schema":{"@context":"https:\/\/schema.org","@graph":[{"@type":"WebPage","@id":"https:\/\/lastplaces.com\/en\/contact\/","url":"https:\/\/lastplaces.com\/en\/contact\/","name":"Contact - Last Places","isPartOf":{"@id":"https:\/\/lastplaces.com\/#website"},"datePublished":"2021-12-14T09:12:33+00:00","dateModified":"2026-04-07T08:48:47+00:00","description":"On this page you will find all the details to contact Last Places by Phone, WhatsApp or Email.","breadcrumb":{"@id":"https:\/\/lastplaces.com\/en\/contact\/#breadcrumb"},"inLanguage":"en-US","potentialAction":[{"@type":"ReadAction","target":["https:\/\/lastplaces.com\/en\/contact\/"]}]},{"@type":"BreadcrumbList","@id":"https:\/\/lastplaces.com\/en\/contact\/#breadcrumb","itemListElement":[{"@type":"ListItem","position":1,"name":"Portada","item":"https:\/\/lastplaces.com\/en\/"},{"@type":"ListItem","position":2,"name":"Contact"}]},{"@type":"WebSite","@id":"https:\/\/lastplaces.com\/#website","url":"https:\/\/lastplaces.com\/","name":"Last Places","description":"Travel is knowledge","publisher":{"@id":"https:\/\/lastplaces.com\/#organization"},"potentialAction":[{"@type":"SearchAction","target":{"@type":"EntryPoint","urlTemplate":"https:\/\/lastplaces.com\/?s={search_term_string}"},"query-input":{"@type":"PropertyValueSpecification","valueRequired":true,"valueName":"search_term_string"}}],"inLanguage":"en-US"},{"@type":"Organization","@id":"https:\/\/lastplaces.com\/#organization","name":"Last Places","url":"https:\/\/lastplaces.com\/","logo":{"@type":"ImageObject","inLanguage":"en-US","@id":"https:\/\/lastplaces.com\/#\/schema\/logo\/image\/","url":"https:\/\/lastplaces.com\/wp-content\/uploads\/2021\/09\/lastplaces-travel-is-knowledge-logo-footer.svg","contentUrl":"https:\/\/lastplaces.com\/wp-content\/uploads\/2021\/09\/lastplaces-travel-is-knowledge-logo-footer.svg","width":217,"height":65,"caption":"Last Places"},"image":{"@id":"https:\/\/lastplaces.com\/#\/schema\/logo\/image\/"},"sameAs":["https:\/\/www.facebook.com\/lastplaces.travelisknowledge","https:\/\/www.instagram.com\/lastplacestravel\/"]}]}},"_links":{"self":[{"href":"https:\/\/lastplaces.com\/en\/wp-json\/wp\/v2\/pages\/2192"}],"collection":[{"href":"https:\/\/lastplaces.com\/en\/wp-json\/wp\/v2\/pages"}],"about":[{"href":"https:\/\/lastplaces.com\/en\/wp-json\/wp\/v2\/types\/page"}],"author":[{"embeddable":true,"href":"https:\/\/lastplaces.com\/en\/wp-json\/wp\/v2\/users\/1"}],"replies":[{"embeddable":true,"href":"https:\/\/lastplaces.com\/en\/wp-json\/wp\/v2\/comments?post=2192"}],"version-history":[{"count":5,"href":"https:\/\/lastplaces.com\/en\/wp-json\/wp\/v2\/pages\/2192\/revisions"}],"predecessor-version":[{"id":50661,"href":"https:\/\/lastplaces.com\/en\/wp-json\/wp\/v2\/pages\/2192\/revisions\/50661"}],"wp:attachment":[{"href":"https:\/\/lastplaces.com\/en\/wp-json\/wp\/v2\/media?parent=2192"}],"curies":[{"name":"wp","href":"https:\/\/api.w.org\/{rel}","templated":true}]}}